{"id":1259,"date":"2024-02-29T12:12:21","date_gmt":"2024-02-29T12:12:21","guid":{"rendered":"https:\/\/leftoverchallenge.eu\/?page_id=1259"},"modified":"2025-10-06T15:12:21","modified_gmt":"2025-10-06T15:12:21","slug":"plan-de-lectie","status":"publish","type":"page","link":"https:\/\/leftoverchallenge.eu\/ro\/plan-de-lectie\/","title":{"rendered":"Plan de lec\u021bie"},"content":{"rendered":"\t\t<div data-elementor-type=\"wp-page\" data-elementor-id=\"1259\" class=\"elementor elementor-1259 elementor-33\" data-elementor-post-type=\"page\">\n\t\t\t\t<div class=\"elementor-element elementor-element-df5de9b e-flex e-con-boxed e-con e-parent\" data-id=\"df5de9b\" data-element_type=\"container\" data-settings=\"{&quot;background_background&quot;:&quot;classic&quot;,&quot;content_width&quot;:&quot;boxed&quot;}\" data-core-v316-plus=\"true\">\n\t\t\t\t\t<div class=\"e-con-inner\">\n\t\t<div class=\"elementor-element elementor-element-54c6561 e-con-full e-flex e-con e-child\" data-id=\"54c6561\" data-element_type=\"container\" data-settings=\"{&quot;content_width&quot;:&quot;full&quot;}\">\n\t\t\t\t<div class=\"elementor-element elementor-element-2f4f915 agl agl-wipeCSS agl-in-duration-1000 agl-in-delay-200 agl-in-distance-1 elementor-widget elementor-widget-heading\" data-id=\"2f4f915\" data-element_type=\"widget\" data-settings=\"{&quot;agl_in_name&quot;:&quot;wipeCSS&quot;,&quot;agl_in_delay&quot;:{&quot;unit&quot;:&quot;ms&quot;,&quot;size&quot;:200,&quot;sizes&quot;:[]},&quot;agl_in_duration&quot;:{&quot;unit&quot;:&quot;ms&quot;,&quot;size&quot;:1000,&quot;sizes&quot;:[]},&quot;agl_in_distance&quot;:{&quot;unit&quot;:&quot;ms&quot;,&quot;size&quot;:1,&quot;sizes&quot;:[]}}\" data-widget_type=\"heading.default\">\n\t\t\t\t<div class=\"elementor-widget-container\">\n\t\t\t<style>\/*! elementor - v3.19.0 - 26-02-2024 *\/\n.elementor-heading-title{padding:0;margin:0;line-height:1}.elementor-widget-heading .elementor-heading-title[class*=elementor-size-]>a{color:inherit;font-size:inherit;line-height:inherit}.elementor-widget-heading .elementor-heading-title.elementor-size-small{font-size:15px}.elementor-widget-heading .elementor-heading-title.elementor-size-medium{font-size:19px}.elementor-widget-heading .elementor-heading-title.elementor-size-large{font-size:29px}.elementor-widget-heading .elementor-heading-title.elementor-size-xl{font-size:39px}.elementor-widget-heading .elementor-heading-title.elementor-size-xxl{font-size:59px}<\/style><h1 class=\"elementor-heading-title elementor-size-default\">Plan de lec\u021bie pentru profesori<\/h1>\t\t<\/div>\n\t\t\t\t<\/div>\n\t\t\t\t<div class=\"elementor-element elementor-element-ea872cb elementor-widget__width-initial agl agl-wipeCSS agl-in-duration-1000 agl-in-delay-200 agl-in-distance-1 elementor-widget elementor-widget-text-editor\" data-id=\"ea872cb\" data-element_type=\"widget\" data-settings=\"{&quot;agl_in_name&quot;:&quot;wipeCSS&quot;,&quot;agl_in_delay&quot;:{&quot;unit&quot;:&quot;ms&quot;,&quot;size&quot;:200,&quot;sizes&quot;:[]},&quot;agl_in_duration&quot;:{&quot;unit&quot;:&quot;ms&quot;,&quot;size&quot;:1000,&quot;sizes&quot;:[]},&quot;agl_in_distance&quot;:{&quot;unit&quot;:&quot;ms&quot;,&quot;size&quot;:1,&quot;sizes&quot;:[]},&quot;agl_in_repeat&quot;:&quot;no&quot;}\" data-widget_type=\"text-editor.default\">\n\t\t\t\t<div class=\"elementor-widget-container\">\n\t\t\t<style>\/*! elementor - v3.19.0 - 26-02-2024 *\/\n.elementor-widget-text-editor.elementor-drop-cap-view-stacked .elementor-drop-cap{background-color:#69727d;color:#fff}.elementor-widget-text-editor.elementor-drop-cap-view-framed .elementor-drop-cap{color:#69727d;border:3px solid;background-color:transparent}.elementor-widget-text-editor:not(.elementor-drop-cap-view-default) .elementor-drop-cap{margin-top:8px}.elementor-widget-text-editor:not(.elementor-drop-cap-view-default) .elementor-drop-cap-letter{width:1em;height:1em}.elementor-widget-text-editor .elementor-drop-cap{float:left;text-align:center;line-height:1;font-size:50px}.elementor-widget-text-editor .elementor-drop-cap-letter{display:inline-block}<\/style>\t\t\t\t<p>Acest plan de lec\u021bie este concentrat pe transformarea risipei alimentare \u0219i a impactului s\u0103u \u00eentr-un subiect recurent \u00een clas\u0103, oferind educatoriilor o abordare structurat\u0103 pentru a cre\u0219te con\u0219tientizarea, promova \u00eenv\u0103\u021barea interdisciplinar\u0103, stimula abilit\u0103\u021bile de g\u00e2ndire critic\u0103 \u0219i inspira schimb\u0103ri comportamentale pozitive printre elevi.<\/p>\t\t\t\t\t\t<\/div>\n\t\t\t\t<\/div>\n\t\t\t\t<div class=\"elementor-element elementor-element-48add5b elementor-mobile-align-justify agl agl-wipeCSS agl-in-duration-1000 agl-in-delay-600 agl-in-distance-1 elementor-widget elementor-widget-button\" data-id=\"48add5b\" data-element_type=\"widget\" data-settings=\"{&quot;agl_in_name&quot;:&quot;wipeCSS&quot;,&quot;agl_in_delay&quot;:{&quot;unit&quot;:&quot;ms&quot;,&quot;size&quot;:600,&quot;sizes&quot;:[]},&quot;agl_in_duration&quot;:{&quot;unit&quot;:&quot;ms&quot;,&quot;size&quot;:1000,&quot;sizes&quot;:[]},&quot;agl_in_distance&quot;:{&quot;unit&quot;:&quot;ms&quot;,&quot;size&quot;:1,&quot;sizes&quot;:[]},&quot;agl_in_repeat&quot;:&quot;no&quot;,&quot;agl_in_lockToScrollbar&quot;:&quot;no&quot;}\" data-widget_type=\"button.default\">\n\t\t\t\t<div class=\"elementor-widget-container\">\n\t\t\t\t\t<div class=\"elementor-button-wrapper\">\n\t\t\t<a class=\"elementor-button elementor-button-link elementor-size-sm\" href=\"https:\/\/leftoverchallenge.eu\/wp-content\/uploads\/2025\/10\/RO-Ghid-final-Pentru-Professori.pdf\" target=\"_blank\">\n\t\t\t\t\t\t<span class=\"elementor-button-content-wrapper\">\n\t\t\t\t\t\t<span class=\"elementor-button-text\">Descarc\u0103<\/span>\n\t\t<\/span>\n\t\t\t\t\t<\/a>\n\t\t<\/div>\n\t\t\t\t<\/div>\n\t\t\t\t<\/div>\n\t\t\t\t<\/div>\n\t\t<div class=\"elementor-element elementor-element-7c5974f e-con-full e-flex e-con e-child\" data-id=\"7c5974f\" data-element_type=\"container\" data-settings=\"{&quot;content_width&quot;:&quot;full&quot;}\">\n\t\t\t\t<div class=\"elementor-element elementor-element-51b4bea agl agl-wipeCSSUp agl-in-duration-1000 agl-in-delay-0 agl-in-distance-1 elementor-widget elementor-widget-image\" data-id=\"51b4bea\" data-element_type=\"widget\" data-settings=\"{&quot;agl_in_name&quot;:&quot;wipeCSS&quot;,&quot;agl_in_direction&quot;:&quot;Up&quot;,&quot;agl_in_duration&quot;:{&quot;unit&quot;:&quot;ms&quot;,&quot;size&quot;:1000,&quot;sizes&quot;:[]},&quot;agl_in_delay&quot;:{&quot;unit&quot;:&quot;ms&quot;,&quot;size&quot;:0,&quot;sizes&quot;:[]},&quot;agl_in_distance&quot;:{&quot;unit&quot;:&quot;ms&quot;,&quot;size&quot;:1,&quot;sizes&quot;:[]},&quot;agl_in_repeat&quot;:&quot;no&quot;,&quot;agl_in_lockToScrollbar&quot;:&quot;no&quot;}\" data-widget_type=\"image.default\">\n\t\t\t\t<div class=\"elementor-widget-container\">\n\t\t\t<style>\/*! elementor - v3.19.0 - 26-02-2024 *\/\n.elementor-widget-image{text-align:center}.elementor-widget-image a{display:inline-block}.elementor-widget-image a img[src$=\".svg\"]{width:48px}.elementor-widget-image img{vertical-align:middle;display:inline-block}<\/style>\t\t\t\t\t\t\t\t\t\t<img fetchpriority=\"high\" decoding=\"async\" width=\"632\" height=\"632\" src=\"https:\/\/leftoverchallenge.eu\/wp-content\/uploads\/2024\/03\/lesson-plan-img1-1.jpg\" class=\"attachment-large size-large wp-image-948\" alt=\"\" srcset=\"https:\/\/leftoverchallenge.eu\/wp-content\/uploads\/2024\/03\/lesson-plan-img1-1.jpg 632w, https:\/\/leftoverchallenge.eu\/wp-content\/uploads\/2024\/03\/lesson-plan-img1-1-300x300.jpg 300w, https:\/\/leftoverchallenge.eu\/wp-content\/uploads\/2024\/03\/lesson-plan-img1-1-150x150.jpg 150w\" sizes=\"(max-width: 632px) 100vw, 632px\" \/>\t\t\t\t\t\t\t\t\t\t\t\t\t<\/div>\n\t\t\t\t<\/div>\n\t\t\t\t<div class=\"elementor-element elementor-element-520457c elementor-absolute elementor-widget elementor-widget-image\" data-id=\"520457c\" data-element_type=\"widget\" data-settings=\"{&quot;_position&quot;:&quot;absolute&quot;}\" data-widget_type=\"image.default\">\n\t\t\t\t<div class=\"elementor-widget-container\">\n\t\t\t\t\t\t\t\t\t\t\t\t\t<img decoding=\"async\" width=\"354\" height=\"339\" src=\"https:\/\/leftoverchallenge.eu\/wp-content\/uploads\/2024\/03\/Vector5.svg\" class=\"attachment-large size-large wp-image-493\" alt=\"\" \/>\t\t\t\t\t\t\t\t\t\t\t\t\t<\/div>\n\t\t\t\t<\/div>\n\t\t\t\t<\/div>\n\t\t\t\t\t<\/div>\n\t\t\t\t<\/div>\n\t\t\t\t<\/div>\n\t\t","protected":false},"excerpt":{"rendered":"<p>Plan de lec\u021bie pentru profesori Acest plan de lec\u021bie este concentrat pe transformarea risipei alimentare \u0219i a impactului s\u0103u \u00eentr-un subiect recurent \u00een clas\u0103, oferind educatoriilor o abordare structurat\u0103 pentru a cre\u0219te con\u0219tientizarea, promova \u00eenv\u0103\u021barea interdisciplinar\u0103, stimula abilit\u0103\u021bile de g\u00e2ndire critic\u0103 \u0219i inspira schimb\u0103ri comportamentale pozitive printre elevi. Descarc\u0103<\/p>\n","protected":false},"author":2,"featured_media":0,"parent":0,"menu_order":0,"comment_status":"closed","ping_status":"closed","template":"","meta":{"_monsterinsights_skip_tracking":false,"_monsterinsights_sitenote_active":false,"_monsterinsights_sitenote_note":"","_monsterinsights_sitenote_category":0,"footnotes":""},"class_list":["post-1259","page","type-page","status-publish","hentry"],"_links":{"self":[{"href":"https:\/\/leftoverchallenge.eu\/ro\/wp-json\/wp\/v2\/pages\/1259","targetHints":{"allow":["GET"]}}],"collection":[{"href":"https:\/\/leftoverchallenge.eu\/ro\/wp-json\/wp\/v2\/pages"}],"about":[{"href":"https:\/\/leftoverchallenge.eu\/ro\/wp-json\/wp\/v2\/types\/page"}],"author":[{"embeddable":true,"href":"https:\/\/leftoverchallenge.eu\/ro\/wp-json\/wp\/v2\/users\/2"}],"replies":[{"embeddable":true,"href":"https:\/\/leftoverchallenge.eu\/ro\/wp-json\/wp\/v2\/comments?post=1259"}],"version-history":[{"count":10,"href":"https:\/\/leftoverchallenge.eu\/ro\/wp-json\/wp\/v2\/pages\/1259\/revisions"}],"predecessor-version":[{"id":2437,"href":"https:\/\/leftoverchallenge.eu\/ro\/wp-json\/wp\/v2\/pages\/1259\/revisions\/2437"}],"wp:attachment":[{"href":"https:\/\/leftoverchallenge.eu\/ro\/wp-json\/wp\/v2\/media?parent=1259"}],"curies":[{"name":"wp","href":"https:\/\/api.w.org\/{rel}","templated":true}]}}